{"id":12,"date":"2022-06-26T11:52:16","date_gmt":"2022-06-26T09:52:16","guid":{"rendered":"http:\/\/laure-hfleuriste.fr\/?page_id=12"},"modified":"2022-10-01T19:10:58","modified_gmt":"2022-10-01T17:10:58","slug":"beaux-portfolios-pour-des-creatifs-exceptionnels","status":"publish","type":"page","link":"https:\/\/laure-hfleuriste.fr\/","title":{"rendered":"nos cr\u00e9ations"},"content":{"rendered":"\n<p class=\"has-text-align-center\"><meta charset=\"utf-8\">Nous sommes \u00e0 votre \u00e9coute pour tous vos projets, naissances, anniversaires, mariages, deuils<\/p>\n\n\n\n<p>Nous proposons \u00e9galement un service d&#8217;abonnements  pour toutes occasions; no\u00ebl, anniversaires, fleurissements de tombes, <\/p>\n\n\n\n<p>Avoir des fleurs fraiches au rythme de votre choix<\/p>\n\n\n\n<p>Nous vous proposons de vous livrer un bouquet ou une composition de fleurs fra\u00eeche, de saison, sur le lieu de votre choix.<\/p>\n\n\n\n<p>couleurs, fr\u00e9quence, jour de livraison, couleurs <\/p>\n\n\n\n<p>n\u2019h\u00e9sitez pas \u00e0 nous contacter pour plus de renseignements<\/p>\n\n\n\n<div style=\"height:55px\" aria-hidden=\"true\" class=\"wp-block-spacer\"><\/div>\n\n\n\n<div class=\"wp-block-group alignfull has-background\" style=\"background-color:#e5e9ec\"><div class=\"wp-block-group__inner-container is-layout-flow wp-block-group-is-layout-flow\">\n<div class=\"wp-block-columns is-layout-flex wp-container-core-columns-is-layout-9d6595d7 wp-block-columns-is-layout-flex\">\n<div class=\"wp-block-column is-vertically-aligned-center is-layout-flow wp-block-column-is-layout-flow\">\n<h2 class=\"wp-block-heading\">a propos de l&#8217;\u00e9quipe :<\/h2>\n\n\n\n<p>Laure, St\u00e9phane et Rachelle vous accueille au magasin.<\/p>\n\n\n\n<p><\/p>\n<\/div>\n\n\n\n<div class=\"wp-block-column is-layout-flow wp-block-column-is-layout-flow\">\n<div style=\"height:48px\" aria-hidden=\"true\" class=\"wp-block-spacer\"><\/div>\n\n\n\n<figure class=\"wp-block-image size-full\"><img loading=\"lazy\" decoding=\"async\" width=\"386\" height=\"225\" src=\"http:\/\/laure-hfleuriste.fr\/wp-content\/uploads\/2022\/06\/008.jpg\" alt=\"\" class=\"wp-image-58\" srcset=\"https:\/\/laure-hfleuriste.fr\/wp-content\/uploads\/2022\/06\/008.jpg 386w, https:\/\/laure-hfleuriste.fr\/wp-content\/uploads\/2022\/06\/008-300x175.jpg 300w\" sizes=\"auto, (max-width: 386px) 100vw, 386px\" \/><\/figure>\n<\/div>\n<\/div>\n<\/div><\/div>\n\n\n\n<div class=\"wp-block-group alignfull\"><div class=\"wp-block-group__inner-container is-layout-flow wp-block-group-is-layout-flow\">\n<div class=\"wp-block-columns are-vertically-aligned-center is-layout-flex wp-container-core-columns-is-layout-9d6595d7 wp-block-columns-is-layout-flex\">\n<div class=\"wp-block-column is-vertically-aligned-center is-layout-flow wp-block-column-is-layout-flow\">\n<div style=\"height:48px\" aria-hidden=\"true\" class=\"wp-block-spacer\"><\/div>\n\n\n\n<figure class=\"wp-block-image size-large\"><img loading=\"lazy\" decoding=\"async\" width=\"1024\" height=\"768\" src=\"http:\/\/laure-hfleuriste.fr\/wp-content\/uploads\/2022\/10\/traffic-1024x768.jpg\" alt=\"\" class=\"wp-image-80\" srcset=\"https:\/\/laure-hfleuriste.fr\/wp-content\/uploads\/2022\/10\/traffic-1024x768.jpg 1024w, https:\/\/laure-hfleuriste.fr\/wp-content\/uploads\/2022\/10\/traffic-300x225.jpg 300w, https:\/\/laure-hfleuriste.fr\/wp-content\/uploads\/2022\/10\/traffic-768x576.jpg 768w, https:\/\/laure-hfleuriste.fr\/wp-content\/uploads\/2022\/10\/traffic-1536x1152.jpg 1536w, https:\/\/laure-hfleuriste.fr\/wp-content\/uploads\/2022\/10\/traffic-2048x1536.jpg 2048w, https:\/\/laure-hfleuriste.fr\/wp-content\/uploads\/2022\/10\/traffic-2000x1500.jpg 2000w\" sizes=\"auto, (max-width: 1024px) 100vw, 1024px\" \/><\/figure>\n<\/div>\n\n\n\n<div class=\"wp-block-column is-vertically-aligned-center is-layout-flow wp-block-column-is-layout-flow\">\n<h2 class=\"wp-block-heading\">Notre activit\u00e9<\/h2>\n\n\n\n<p>Fleurs coup\u00e9es <\/p>\n\n\n\n<p>Plantes<\/p>\n\n\n\n<p>Fleurs s\u00e9ch\u00e9es et artificielles<\/p>\n\n\n\n<p>D\u00e9corations<\/p>\n\n\n\n<p>Mariages et \u00e9v\u00e9nements<\/p>\n\n\n\n<p>Bouquets personnalis\u00e9s<\/p>\n\n\n\n<p>Abonnements <\/p>\n\n\n\n<p>Adh\u00e9rent Interflora<\/p>\n\n\n\n<p>Ateliers cr\u00e9ation pour enfants<\/p>\n\n\n\n<p>Livraison sur Chateauneuf sur loire; guilly, Tigy, Sigloy, Jargeau, Bonn\u00e9e, Combreux, Ingrannes, Les bordes, Fay aux Loges, Ouvrouer les champs, Bouzy la foret, Vitry aux loges, Neuvy en sullias, Sully la Chapelle, Saint Benoit sur loire, Germigny des pr\u00e9s, Saint martin d&#8217;abbat, Saint denis de l&#8217;hotel, Bray saint aignan<\/p>\n\n\n\n<div class=\"wp-block-buttons is-layout-flex wp-block-buttons-is-layout-flex\"><\/div>\n<\/div>\n<\/div>\n<\/div><\/div>\n\n\n\n<p><\/p>\n\n\n\n<div class=\"wp-block-group alignfull has-black-background-color has-background\"><div class=\"wp-block-group__inner-container is-layout-flow wp-block-group-is-layout-flow\">\n<h2 class=\"has-text-align-center has-white-color has-text-color wp-block-heading\"><strong>Gallery<\/strong><\/h2>\n\n\n\n<figure class=\"wp-block-gallery aligncenter has-nested-images columns-default is-cropped wp-block-gallery-1 is-layout-flex wp-block-gallery-is-layout-flex\">\n<figure class=\"wp-block-image size-full\"><img loading=\"lazy\" decoding=\"async\" width=\"800\" height=\"800\" data-id=\"48\" src=\"http:\/\/laure-hfleuriste.fr\/wp-content\/uploads\/2022\/06\/001.jpg\" alt=\"\" class=\"wp-image-48\" srcset=\"https:\/\/laure-hfleuriste.fr\/wp-content\/uploads\/2022\/06\/001.jpg 800w, https:\/\/laure-hfleuriste.fr\/wp-content\/uploads\/2022\/06\/001-300x300.jpg 300w, https:\/\/laure-hfleuriste.fr\/wp-content\/uploads\/2022\/06\/001-150x150.jpg 150w, https:\/\/laure-hfleuriste.fr\/wp-content\/uploads\/2022\/06\/001-768x768.jpg 768w\" sizes=\"auto, (max-width: 800px) 100vw, 800px\" \/><\/figure>\n\n\n\n<figure class=\"wp-block-image size-full\"><img loading=\"lazy\" decoding=\"async\" width=\"800\" height=\"800\" data-id=\"49\" src=\"http:\/\/laure-hfleuriste.fr\/wp-content\/uploads\/2022\/06\/002.jpg\" alt=\"\" class=\"wp-image-49\" srcset=\"https:\/\/laure-hfleuriste.fr\/wp-content\/uploads\/2022\/06\/002.jpg 800w, https:\/\/laure-hfleuriste.fr\/wp-content\/uploads\/2022\/06\/002-300x300.jpg 300w, https:\/\/laure-hfleuriste.fr\/wp-content\/uploads\/2022\/06\/002-150x150.jpg 150w, https:\/\/laure-hfleuriste.fr\/wp-content\/uploads\/2022\/06\/002-768x768.jpg 768w\" sizes=\"auto, (max-width: 800px) 100vw, 800px\" \/><\/figure>\n\n\n\n<figure class=\"wp-block-image size-full\"><img loading=\"lazy\" decoding=\"async\" width=\"800\" height=\"800\" data-id=\"50\" src=\"http:\/\/laure-hfleuriste.fr\/wp-content\/uploads\/2022\/06\/003.jpg\" alt=\"\" class=\"wp-image-50\" srcset=\"https:\/\/laure-hfleuriste.fr\/wp-content\/uploads\/2022\/06\/003.jpg 800w, https:\/\/laure-hfleuriste.fr\/wp-content\/uploads\/2022\/06\/003-300x300.jpg 300w, https:\/\/laure-hfleuriste.fr\/wp-content\/uploads\/2022\/06\/003-150x150.jpg 150w, https:\/\/laure-hfleuriste.fr\/wp-content\/uploads\/2022\/06\/003-768x768.jpg 768w\" sizes=\"auto, (max-width: 800px) 100vw, 800px\" \/><\/figure>\n\n\n\n<figure class=\"wp-block-image size-full\"><img loading=\"lazy\" decoding=\"async\" width=\"800\" height=\"800\" data-id=\"52\" src=\"http:\/\/laure-hfleuriste.fr\/wp-content\/uploads\/2022\/06\/004.png\" alt=\"\" class=\"wp-image-52\" srcset=\"https:\/\/laure-hfleuriste.fr\/wp-content\/uploads\/2022\/06\/004.png 800w, https:\/\/laure-hfleuriste.fr\/wp-content\/uploads\/2022\/06\/004-300x300.png 300w, https:\/\/laure-hfleuriste.fr\/wp-content\/uploads\/2022\/06\/004-150x150.png 150w, https:\/\/laure-hfleuriste.fr\/wp-content\/uploads\/2022\/06\/004-768x768.png 768w\" sizes=\"auto, (max-width: 800px) 100vw, 800px\" \/><\/figure>\n\n\n\n<figure class=\"wp-block-image size-full\"><img loading=\"lazy\" decoding=\"async\" width=\"800\" height=\"800\" data-id=\"51\" src=\"http:\/\/laure-hfleuriste.fr\/wp-content\/uploads\/2022\/06\/005.jpg\" alt=\"\" class=\"wp-image-51\" srcset=\"https:\/\/laure-hfleuriste.fr\/wp-content\/uploads\/2022\/06\/005.jpg 800w, https:\/\/laure-hfleuriste.fr\/wp-content\/uploads\/2022\/06\/005-300x300.jpg 300w, https:\/\/laure-hfleuriste.fr\/wp-content\/uploads\/2022\/06\/005-150x150.jpg 150w, https:\/\/laure-hfleuriste.fr\/wp-content\/uploads\/2022\/06\/005-768x768.jpg 768w\" sizes=\"auto, (max-width: 800px) 100vw, 800px\" \/><\/figure>\n\n\n\n<figure class=\"wp-block-image size-full\"><img loading=\"lazy\" decoding=\"async\" width=\"800\" height=\"800\" data-id=\"53\" src=\"http:\/\/laure-hfleuriste.fr\/wp-content\/uploads\/2022\/06\/006.jpg\" alt=\"\" class=\"wp-image-53\" srcset=\"https:\/\/laure-hfleuriste.fr\/wp-content\/uploads\/2022\/06\/006.jpg 800w, https:\/\/laure-hfleuriste.fr\/wp-content\/uploads\/2022\/06\/006-300x300.jpg 300w, https:\/\/laure-hfleuriste.fr\/wp-content\/uploads\/2022\/06\/006-150x150.jpg 150w, https:\/\/laure-hfleuriste.fr\/wp-content\/uploads\/2022\/06\/006-768x768.jpg 768w\" sizes=\"auto, (max-width: 800px) 100vw, 800px\" \/><\/figure>\n<\/figure>\n<\/div><\/div>\n\n\n\n<p>nos cr\u00e9ations<\/p>\n\n\n\n<figure class=\"wp-block-embed alignwide is-type-video is-provider-youtube wp-block-embed-youtube wp-embed-aspect-16-9 wp-has-aspect-ratio\"><div class=\"wp-block-embed__wrapper\">\n<iframe loading=\"lazy\" title=\"magasin\" width=\"950\" height=\"534\" src=\"https:\/\/www.youtube.com\/embed\/q-tI3mwHK-Y?feature=oembed\" frameborder=\"0\" allow=\"accelerometer; autoplay; clipboard-write; encrypted-media; gyroscope; picture-in-picture\" allowfullscreen><\/iframe>\n<\/div><\/figure>\n\n\n\n<div class=\"wp-block-group alignfull\"><div class=\"wp-block-group__inner-container is-layout-flow wp-block-group-is-layout-flow\">\n<div class=\"wp-block-columns are-vertically-aligned-center is-layout-flex wp-container-core-columns-is-layout-9d6595d7 wp-block-columns-is-layout-flex\">\n<div class=\"wp-block-column is-vertically-aligned-center is-layout-flow wp-block-column-is-layout-flow\">\n<div style=\"height:48px\" aria-hidden=\"true\" class=\"wp-block-spacer\"><\/div>\n\n\n\n<figure class=\"wp-block-image size-full\"><img loading=\"lazy\" decoding=\"async\" width=\"597\" height=\"430\" src=\"http:\/\/laure-hfleuriste.fr\/wp-content\/uploads\/2022\/06\/map.jpg\" alt=\"\" class=\"wp-image-71\" srcset=\"https:\/\/laure-hfleuriste.fr\/wp-content\/uploads\/2022\/06\/map.jpg 597w, https:\/\/laure-hfleuriste.fr\/wp-content\/uploads\/2022\/06\/map-300x216.jpg 300w\" sizes=\"auto, (max-width: 597px) 100vw, 597px\" \/><\/figure>\n<\/div>\n\n\n\n<div class=\"wp-block-column is-vertically-aligned-center is-layout-flow wp-block-column-is-layout-flow\">\n<h2 class=\"wp-block-heading\">Adresse et contacts<\/h2>\n\n\n\n<p>11 grande rue<\/p>\n\n\n\n<p>45110 Chateauneuf sur Loire<\/p>\n\n\n\n<p>02 38 58 40 10<\/p>\n\n\n\n<p>06 88 61 60 08<\/p>\n\n\n\n<p>laure.hfleuriste@gmail.com<\/p>\n\n\n\n<p><a href=\"https:\/\/www.facebook.com\/LaureH-Fleuriste-104151555224980\/\">https:\/\/www.facebook.com\/LaureH-Fleuriste-104151555224980\/<\/a><\/p>\n\n\n\n<p><a href=\"https:\/\/www.instagram.com\/laure.hfleuriste\/\">https:\/\/www.instagram.com\/laure.hfleuriste\/<\/a><\/p>\n\n\n\n<p><a href=\"https:\/\/www.lescommercescastelneuviens.fr\/laure-h-fleuriste\/\">https:\/\/www.lescommercescastelneuviens.fr\/laure-h-fleuriste\/<\/a><\/p>\n\n\n\n<div class=\"wp-block-buttons is-layout-flex wp-block-buttons-is-layout-flex\"><\/div>\n<\/div>\n\n\n\n<div class=\"wp-block-column is-vertically-aligned-center is-layout-flow wp-block-column-is-layout-flow\">\n<h2 class=\"wp-block-heading\">Heures d&#8217;ouvertures<\/h2>\n\n\n\n<p><br>Du Mardi au vendredi : 9h00\u201412h00 14h00-19h00<br>Samedi : 8h30\u201319h30<br>dimanche : 9h00\u201313h00<\/p>\n\n\n\n<div class=\"wp-block-buttons is-layout-flex wp-block-buttons-is-layout-flex\"><\/div>\n<\/div>\n<\/div>\n<\/div><\/div>\n\n\n\n<p><\/p>\n","protected":false},"excerpt":{"rendered":"<p>Nous sommes \u00e0 votre \u00e9coute pour tous vos projets, naissances, anniversaires, mariages, deuils Nous proposons \u00e9galement un service d&#8217;abonnements pour toutes occasions; no\u00ebl, anniversaires, fleurissements de tombes, Avoir des fleurs fraiches au rythme de votre choix Nous vous proposons de vous livrer un bouquet ou une composition de fleurs fra\u00eeche, de saison, sur le lieu &hellip; <\/p>\n<p class=\"link-more\"><a href=\"https:\/\/laure-hfleuriste.fr\/\" class=\"more-link\">Read more<span class=\"screen-reader-text\"> &#8220;nos cr\u00e9ations&#8221;<\/span><\/a><\/p>\n","protected":false},"author":1,"featured_media":33,"parent":0,"menu_order":0,"comment_status":"closed","ping_status":"closed","template":"","meta":{"footnotes":""},"class_list":["post-12","page","type-page","status-publish","has-post-thumbnail","hentry"],"_links":{"self":[{"href":"https:\/\/laure-hfleuriste.fr\/index.php?rest_route=\/wp\/v2\/pages\/12","targetHints":{"allow":["GET"]}}],"collection":[{"href":"https:\/\/laure-hfleuriste.fr\/index.php?rest_route=\/wp\/v2\/pages"}],"about":[{"href":"https:\/\/laure-hfleuriste.fr\/index.php?rest_route=\/wp\/v2\/types\/page"}],"author":[{"embeddable":true,"href":"https:\/\/laure-hfleuriste.fr\/index.php?rest_route=\/wp\/v2\/users\/1"}],"replies":[{"embeddable":true,"href":"https:\/\/laure-hfleuriste.fr\/index.php?rest_route=%2Fwp%2Fv2%2Fcomments&post=12"}],"version-history":[{"count":28,"href":"https:\/\/laure-hfleuriste.fr\/index.php?rest_route=\/wp\/v2\/pages\/12\/revisions"}],"predecessor-version":[{"id":159,"href":"https:\/\/laure-hfleuriste.fr\/index.php?rest_route=\/wp\/v2\/pages\/12\/revisions\/159"}],"wp:featuredmedia":[{"embeddable":true,"href":"https:\/\/laure-hfleuriste.fr\/index.php?rest_route=\/wp\/v2\/media\/33"}],"wp:attachment":[{"href":"https:\/\/laure-hfleuriste.fr\/index.php?rest_route=%2Fwp%2Fv2%2Fmedia&parent=12"}],"curies":[{"name":"wp","href":"https:\/\/api.w.org\/{rel}","templated":true}]}}