{"id":13,"date":"2022-06-26T11:52:16","date_gmt":"2022-06-26T09:52:16","guid":{"rendered":"http:\/\/laure-hfleuriste.fr\/?page_id=13"},"modified":"2023-05-28T08:29:24","modified_gmt":"2023-05-28T06:29:24","slug":"about","status":"publish","type":"page","link":"https:\/\/laure-hfleuriste.fr\/?page_id=13","title":{"rendered":"Actualit\u00e9"},"content":{"rendered":"\n<h2 class=\"wp-block-heading has-large-font-size\" id=\"inspiro-is-a-digital-product-agency-that-focuses-on-strategy-and-design\" style=\"font-style:normal;font-weight:100\">F\u00eates des m\u00e8res<\/h2>\n\n\n\n<p>Dimanche 4 juin, F\u00eates des m\u00e8res, nous serons ouvert toute la journ\u00e9e et disponible pour livrer vos commandes. R\u00e9servations possibles par t\u00e9l\u00e9phone au 02.38.58.40.10<\/p>\n\n\n\n<p><\/p>\n\n\n\n<p><\/p>\n\n\n\n<figure class=\"wp-block-gallery has-nested-images columns-default is-cropped wp-block-gallery-1 is-layout-flex wp-block-gallery-is-layout-flex\">\n<figure class=\"wp-block-image size-full\"><img loading=\"lazy\" decoding=\"async\" width=\"870\" height=\"524\" data-id=\"191\" src=\"http:\/\/laure-hfleuriste.fr\/wp-content\/uploads\/2023\/05\/fdm.jpg\" alt=\"\" class=\"wp-image-191\" srcset=\"https:\/\/laure-hfleuriste.fr\/wp-content\/uploads\/2023\/05\/fdm.jpg 870w, https:\/\/laure-hfleuriste.fr\/wp-content\/uploads\/2023\/05\/fdm-300x181.jpg 300w, https:\/\/laure-hfleuriste.fr\/wp-content\/uploads\/2023\/05\/fdm-768x463.jpg 768w\" sizes=\"auto, (max-width: 870px) 100vw, 870px\" \/><figcaption class=\"wp-element-caption\">2300201_a4_1-734&#215;1024.jpg<\/figcaption><\/figure>\n<\/figure>\n\n\n\n<p><\/p>\n\n\n\n<div class=\"wp-block-columns alignwide is-layout-flex wp-container-core-columns-is-layout-9d6595d7 wp-block-columns-is-layout-flex\">\n<div class=\"wp-block-column is-layout-flow wp-block-column-is-layout-flow\">\n<p class=\"has-text-color\" style=\"color:#7a7a7a\"><\/p>\n<\/div>\n\n\n\n<div class=\"wp-block-column is-layout-flow wp-block-column-is-layout-flow\">\n<p><\/p>\n\n\n\n<p><\/p>\n\n\n\n<p><\/p>\n<\/div>\n\n\n\n<div class=\"wp-block-column is-layout-flow wp-block-column-is-layout-flow\">\n<p class=\"has-black-color has-text-color has-medium-font-size\"><\/p>\n<\/div>\n<\/div>\n\n\n\n<div style=\"height:100px\" aria-hidden=\"true\" class=\"wp-block-spacer\"><\/div>\n\n\n\n<h3 class=\"wp-block-heading has-large-font-size\" id=\"inspiro-is-a-digital-product-agency-that-focuses-on-strategy-and-desig\" style=\"font-weight:300\"><\/h3>\n\n\n\n<div style=\"height:100px\" aria-hidden=\"true\" class=\"wp-block-spacer\"><\/div>\n","protected":false},"excerpt":{"rendered":"<p>F\u00eates des m\u00e8res Dimanche 4 juin, F\u00eates des m\u00e8res, nous serons ouvert toute la journ\u00e9e et disponible pour livrer vos commandes. R\u00e9servations possibles par t\u00e9l\u00e9phone au 02.38.58.40.10<\/p>\n","protected":false},"author":1,"featured_media":66,"parent":0,"menu_order":0,"comment_status":"closed","ping_status":"closed","template":"","meta":{"footnotes":""},"class_list":["post-13","page","type-page","status-publish","has-post-thumbnail","hentry"],"_links":{"self":[{"href":"https:\/\/laure-hfleuriste.fr\/index.php?rest_route=\/wp\/v2\/pages\/13","targetHints":{"allow":["GET"]}}],"collection":[{"href":"https:\/\/laure-hfleuriste.fr\/index.php?rest_route=\/wp\/v2\/pages"}],"about":[{"href":"https:\/\/laure-hfleuriste.fr\/index.php?rest_route=\/wp\/v2\/types\/page"}],"author":[{"embeddable":true,"href":"https:\/\/laure-hfleuriste.fr\/index.php?rest_route=\/wp\/v2\/users\/1"}],"replies":[{"embeddable":true,"href":"https:\/\/laure-hfleuriste.fr\/index.php?rest_route=%2Fwp%2Fv2%2Fcomments&post=13"}],"version-history":[{"count":26,"href":"https:\/\/laure-hfleuriste.fr\/index.php?rest_route=\/wp\/v2\/pages\/13\/revisions"}],"predecessor-version":[{"id":192,"href":"https:\/\/laure-hfleuriste.fr\/index.php?rest_route=\/wp\/v2\/pages\/13\/revisions\/192"}],"wp:featuredmedia":[{"embeddable":true,"href":"https:\/\/laure-hfleuriste.fr\/index.php?rest_route=\/wp\/v2\/media\/66"}],"wp:attachment":[{"href":"https:\/\/laure-hfleuriste.fr\/index.php?rest_route=%2Fwp%2Fv2%2Fmedia&parent=13"}],"curies":[{"name":"wp","href":"https:\/\/api.w.org\/{rel}","templated":true}]}}