{"id":138,"date":"2022-10-01T17:25:53","date_gmt":"2022-10-01T15:25:53","guid":{"rendered":"http:\/\/laure-hfleuriste.fr\/?page_id=138"},"modified":"2022-10-02T18:34:57","modified_gmt":"2022-10-02T16:34:57","slug":"mariages","status":"publish","type":"page","link":"https:\/\/laure-hfleuriste.fr\/?page_id=138","title":{"rendered":"mariages"},"content":{"rendered":"\n<p>Nous vous accompagnons pour ce qui sera le plus beau jour de votre vie<\/p>\n\n\n\n<p>Bouquets de mari\u00e9es, d\u00e9corations de salles, d&#8217;\u00e9glises, c\u00e9r\u00e9monie la\u00efque, voitures <\/p>\n\n\n\n<p>Notre limite n&#8217;aura que votre imagination<\/p>\n\n\n\n<figure class=\"wp-block-image size-large\"><img loading=\"lazy\" decoding=\"async\" width=\"683\" height=\"1024\" src=\"http:\/\/laure-hfleuriste.fr\/wp-content\/uploads\/2022\/10\/Mariage-SJ-173-683x1024.jpg\" alt=\"\" class=\"wp-image-167\" srcset=\"https:\/\/laure-hfleuriste.fr\/wp-content\/uploads\/2022\/10\/Mariage-SJ-173-683x1024.jpg 683w, https:\/\/laure-hfleuriste.fr\/wp-content\/uploads\/2022\/10\/Mariage-SJ-173-200x300.jpg 200w, https:\/\/laure-hfleuriste.fr\/wp-content\/uploads\/2022\/10\/Mariage-SJ-173-768x1152.jpg 768w, https:\/\/laure-hfleuriste.fr\/wp-content\/uploads\/2022\/10\/Mariage-SJ-173-1024x1536.jpg 1024w, https:\/\/laure-hfleuriste.fr\/wp-content\/uploads\/2022\/10\/Mariage-SJ-173-1365x2048.jpg 1365w, https:\/\/laure-hfleuriste.fr\/wp-content\/uploads\/2022\/10\/Mariage-SJ-173-2000x3000.jpg 2000w, https:\/\/laure-hfleuriste.fr\/wp-content\/uploads\/2022\/10\/Mariage-SJ-173-scaled.jpg 1707w\" sizes=\"auto, (max-width: 683px) 100vw, 683px\" \/><\/figure>\n\n\n\n<figure class=\"wp-block-image size-large\"><img loading=\"lazy\" decoding=\"async\" width=\"1024\" height=\"673\" src=\"http:\/\/laure-hfleuriste.fr\/wp-content\/uploads\/2022\/10\/Capture-decran-2022-10-02-a-16.46.11-2-1024x673.png\" alt=\"\" class=\"wp-image-165\" srcset=\"https:\/\/laure-hfleuriste.fr\/wp-content\/uploads\/2022\/10\/Capture-decran-2022-10-02-a-16.46.11-2-1024x673.png 1024w, https:\/\/laure-hfleuriste.fr\/wp-content\/uploads\/2022\/10\/Capture-decran-2022-10-02-a-16.46.11-2-300x197.png 300w, https:\/\/laure-hfleuriste.fr\/wp-content\/uploads\/2022\/10\/Capture-decran-2022-10-02-a-16.46.11-2-768x505.png 768w, https:\/\/laure-hfleuriste.fr\/wp-content\/uploads\/2022\/10\/Capture-decran-2022-10-02-a-16.46.11-2-1536x1010.png 1536w, https:\/\/laure-hfleuriste.fr\/wp-content\/uploads\/2022\/10\/Capture-decran-2022-10-02-a-16.46.11-2-2048x1346.png 2048w, https:\/\/laure-hfleuriste.fr\/wp-content\/uploads\/2022\/10\/Capture-decran-2022-10-02-a-16.46.11-2-2000x1315.png 2000w\" sizes=\"auto, (max-width: 1024px) 100vw, 1024px\" \/><\/figure>\n\n\n\n<figure class=\"wp-block-image size-large\"><img loading=\"lazy\" decoding=\"async\" width=\"768\" height=\"1024\" src=\"http:\/\/laure-hfleuriste.fr\/wp-content\/uploads\/2022\/10\/mar001-1-768x1024.jpg\" alt=\"\" class=\"wp-image-143\" srcset=\"https:\/\/laure-hfleuriste.fr\/wp-content\/uploads\/2022\/10\/mar001-1-768x1024.jpg 768w, https:\/\/laure-hfleuriste.fr\/wp-content\/uploads\/2022\/10\/mar001-1-225x300.jpg 225w, https:\/\/laure-hfleuriste.fr\/wp-content\/uploads\/2022\/10\/mar001-1.jpg 1080w\" sizes=\"auto, (max-width: 768px) 100vw, 768px\" \/><\/figure>\n\n\n\n<figure class=\"wp-block-image size-large\"><img loading=\"lazy\" decoding=\"async\" width=\"768\" height=\"1024\" src=\"http:\/\/laure-hfleuriste.fr\/wp-content\/uploads\/2022\/10\/mar002-1-768x1024.jpg\" alt=\"\" class=\"wp-image-144\" srcset=\"https:\/\/laure-hfleuriste.fr\/wp-content\/uploads\/2022\/10\/mar002-1-768x1024.jpg 768w, https:\/\/laure-hfleuriste.fr\/wp-content\/uploads\/2022\/10\/mar002-1-225x300.jpg 225w, https:\/\/laure-hfleuriste.fr\/wp-content\/uploads\/2022\/10\/mar002-1.jpg 1080w\" sizes=\"auto, (max-width: 768px) 100vw, 768px\" \/><\/figure>\n\n\n\n<figure class=\"wp-block-image size-full\"><img loading=\"lazy\" decoding=\"async\" width=\"1002\" height=\"794\" src=\"http:\/\/laure-hfleuriste.fr\/wp-content\/uploads\/2022\/10\/mar003-1.jpg\" alt=\"\" class=\"wp-image-145\" srcset=\"https:\/\/laure-hfleuriste.fr\/wp-content\/uploads\/2022\/10\/mar003-1.jpg 1002w, https:\/\/laure-hfleuriste.fr\/wp-content\/uploads\/2022\/10\/mar003-1-300x238.jpg 300w, https:\/\/laure-hfleuriste.fr\/wp-content\/uploads\/2022\/10\/mar003-1-768x609.jpg 768w\" sizes=\"auto, (max-width: 1002px) 100vw, 1002px\" \/><\/figure>\n\n\n\n\n\n\n\n<figure class=\"wp-block-image size-full\"><img loading=\"lazy\" decoding=\"async\" width=\"960\" height=\"720\" src=\"http:\/\/laure-hfleuriste.fr\/wp-content\/uploads\/2022\/10\/mar006-1.jpg\" alt=\"\" class=\"wp-image-146\" srcset=\"https:\/\/laure-hfleuriste.fr\/wp-content\/uploads\/2022\/10\/mar006-1.jpg 960w, https:\/\/laure-hfleuriste.fr\/wp-content\/uploads\/2022\/10\/mar006-1-300x225.jpg 300w, https:\/\/laure-hfleuriste.fr\/wp-content\/uploads\/2022\/10\/mar006-1-768x576.jpg 768w\" sizes=\"auto, (max-width: 960px) 100vw, 960px\" \/><\/figure>\n","protected":false},"excerpt":{"rendered":"<p>Nous vous accompagnons pour ce qui sera le plus beau jour de votre vie Bouquets de mari\u00e9es, d\u00e9corations de salles, d&#8217;\u00e9glises, c\u00e9r\u00e9monie la\u00efque, voitures Notre limite n&#8217;aura que votre imagination<\/p>\n","protected":false},"author":1,"featured_media":50,"parent":0,"menu_order":0,"comment_status":"closed","ping_status":"closed","template":"","meta":{"footnotes":""},"class_list":["post-138","page","type-page","status-publish","has-post-thumbnail","hentry"],"_links":{"self":[{"href":"https:\/\/laure-hfleuriste.fr\/index.php?rest_route=\/wp\/v2\/pages\/138","targetHints":{"allow":["GET"]}}],"collection":[{"href":"https:\/\/laure-hfleuriste.fr\/index.php?rest_route=\/wp\/v2\/pages"}],"about":[{"href":"https:\/\/laure-hfleuriste.fr\/index.php?rest_route=\/wp\/v2\/types\/page"}],"author":[{"embeddable":true,"href":"https:\/\/laure-hfleuriste.fr\/index.php?rest_route=\/wp\/v2\/users\/1"}],"replies":[{"embeddable":true,"href":"https:\/\/laure-hfleuriste.fr\/index.php?rest_route=%2Fwp%2Fv2%2Fcomments&post=138"}],"version-history":[{"count":7,"href":"https:\/\/laure-hfleuriste.fr\/index.php?rest_route=\/wp\/v2\/pages\/138\/revisions"}],"predecessor-version":[{"id":168,"href":"https:\/\/laure-hfleuriste.fr\/index.php?rest_route=\/wp\/v2\/pages\/138\/revisions\/168"}],"wp:featuredmedia":[{"embeddable":true,"href":"https:\/\/laure-hfleuriste.fr\/index.php?rest_route=\/wp\/v2\/media\/50"}],"wp:attachment":[{"href":"https:\/\/laure-hfleuriste.fr\/index.php?rest_route=%2Fwp%2Fv2%2Fmedia&parent=138"}],"curies":[{"name":"wp","href":"https:\/\/api.w.org\/{rel}","templated":true}]}}